{"id":121,"date":"2025-08-07T07:55:10","date_gmt":"2025-08-07T07:55:10","guid":{"rendered":"https:\/\/ngocangem.com\/?page_id=121"},"modified":"2025-08-07T07:55:10","modified_gmt":"2025-08-07T07:55:10","slug":"chinh-sach-bao-mat","status":"publish","type":"page","link":"https:\/\/ngocangem.com\/index.php\/chinh-sach-bao-mat\/","title":{"rendered":"Ch\u00ednh s\u00e1ch b\u1ea3o m\u1eadt"},"content":{"rendered":"<p><strong style=\"font-size: 23.04px; color: #333333;\">1. M\u1ee5c \u0111\u00edch v\u00e0 ph\u1ea1m v\u1ecb thu th\u1eadp.<\/strong><\/p>\n<section id=\"page-template\" class=\"mg-top-15\">\n<div class=\"container\">\n<div class=\"row d-flex\">\n<div class=\"col-md-9 col-sm-12 col-xs-12 order-mb-1 mg-bottom-15\">\n<div class=\"bg-while\">\n<div class=\"page-content content-entry add-height-img content_style_list\">\n<ul>\n<li>Vi\u1ec7c thu th\u1eadp d\u1eef li\u1ec7u tr\u00ean website bao g\u1ed3m: h\u1ecd t\u00ean, email, \u0111i\u1ec7n tho\u1ea1i, \u0111\u1ecba ch\u1ec9 kh\u00e1ch h\u00e0ng. \u0110\u00e2y l\u00e0 c\u00e1c th\u00f4ng tin m\u00e0 ch\u00fang t\u00f4i \u00a0c\u1ea7n kh\u00e1ch h\u00e0ng cung c\u1ea5p b\u1eaft bu\u1ed9c khi g\u1eedi th\u00f4ng tin nh\u1edd t\u01b0 v\u1ea5n hay mu\u1ed1n mua s\u1ea3n ph\u1ea9m v\u00e0 \u0111\u1ec3 ch\u00fang t\u00f4i li\u00ean h\u1ec7 x\u00e1c nh\u1eadn l\u1ea1i v\u1edbi kh\u00e1ch h\u00e0ng tr\u00ean website nh\u1eb1m \u0111\u1ea3m b\u1ea3o quy\u1ec1n l\u1ee3i cho cho ng\u01b0\u1eddi ti\u00eau d\u00f9ng.<\/li>\n<li>C\u00e1c kh\u00e1ch h\u00e0ng s\u1ebd t\u1ef1 ch\u1ecbu tr\u00e1ch nhi\u1ec7m v\u1ec1 b\u1ea3o m\u1eadt v\u00e0 l\u01b0u gi\u1eef m\u1ecdi ho\u1ea1t \u0111\u1ed9ng s\u1eed d\u1ee5ng d\u1ecbch v\u1ee5 d\u01b0\u1edbi th\u00f4ng tin m\u00e0 m\u00ecnh cung c\u1ea5p v\u00e0 h\u1ed9p th\u01b0 \u0111i\u1ec7n t\u1eed c\u1ee7a m\u00ecnh.<\/li>\n<\/ul>\n<h2><strong>2. Ph\u1ea1m vi s\u1eed d\u1ee5ng th\u00f4ng tin.<\/strong><br \/>\nCh\u00fang t\u00f4i s\u1eed d\u1ee5ng th\u00f4ng tin kh\u00e1ch h\u00e0ng cung c\u1ea5p \u0111\u1ec3:<\/h2>\n<ul>\n<li>Li\u00ean h\u1ec7 x\u00e1c nh\u1eadn \u0111\u01a1n h\u00e0ng v\u00e0 giao h\u00e0ng cho kh\u00e1ch h\u00e0ng khi nh\u1eadn \u0111\u01b0\u1ee3c y\u00eau c\u1ea7u t\u1eeb kh\u00e1ch h\u00e0ng;<\/li>\n<li>Cung c\u1ea5p th\u00f4ng tin v\u1ec1 s\u1ea3n ph\u1ea9m \u0111\u1ebfn kh\u00e1ch h\u00e0ng n\u1ebfu c\u00f3 y\u00eau c\u1ea7u t\u1eeb kh\u00e1ch h\u00e0ng;<\/li>\n<li>G\u1eedi email ti\u1ebfp th\u1ecb, khuy\u1ebfn m\u1ea1i v\u1ec1 h\u00e0ng h\u00f3a do ch\u00fang t\u00f4i b\u00e1n;<\/li>\n<li>G\u1eedi c\u00e1c th\u00f4ng b\u00e1o v\u1ec1 c\u00e1c ho\u1ea1t \u0111\u1ed9ng tr\u00ean website;<\/li>\n<li>Li\u00ean l\u1ea1c v\u00e0 gi\u1ea3i quy\u1ebft v\u1edbi ng\u01b0\u1eddi d\u00f9ng trong nh\u1eefng tr\u01b0\u1eddng h\u1ee3p \u0111\u1eb7c bi\u1ec7t;<\/li>\n<li>Kh\u00f4ng s\u1eed d\u1ee5ng th\u00f4ng tin c\u00e1 nh\u00e2n c\u1ee7a ng\u01b0\u1eddi d\u00f9ng ngo\u00e0i m\u1ee5c \u0111\u00edch x\u00e1c nh\u1eadn v\u00e0 li\u00ean h\u1ec7 c\u00f3 li\u00ean quan \u0111\u1ebfn giao d\u1ecbch;<\/li>\n<li>Khi c\u00f3 y\u00eau c\u1ea7u c\u1ee7a c\u01a1 quan t\u01b0 ph\u00e1p bao g\u1ed3m: Vi\u1ec7n ki\u1ec3m s\u00e1t, t\u00f2a \u00e1n, c\u01a1 quan c\u00f4ng an \u0111i\u1ec1u tra li\u00ean quan \u0111\u1ebfn h\u00e0nh vi vi ph\u1ea1m ph\u00e1p lu\u1eadt n\u00e0o \u0111\u00f3 c\u1ee7a kh\u00e1ch h\u00e0ng.<\/li>\n<\/ul>\n<h2><strong>3. Th\u1eddi gian l\u01b0u tr\u1eef th\u00f4ng tin.<\/strong><\/h2>\n<p>D\u1eef li\u1ec7u c\u00e1 nh\u00e2n c\u1ee7a\u00a0kh\u00e1ch h\u00e0ng s\u1ebd \u0111\u01b0\u1ee3c l\u01b0u tr\u1eef cho \u0111\u1ebfn khi c\u00f3 y\u00eau c\u1ea7u ban qu\u1ea3n tr\u1ecb h\u1ee7y b\u1ecf. C\u00f2n l\u1ea1i trong m\u1ecdi tr\u01b0\u1eddng h\u1ee3p th\u00f4ng tin c\u00e1 nh\u00e2n kh\u00e1ch h\u00e0ng s\u1ebd \u0111\u01b0\u1ee3c b\u1ea3o m\u1eadt tr\u00ean m\u00e1y ch\u1ee7 c\u1ee7a ch\u00fang t\u00f4i.<\/p>\n<h2><strong>4. Nh\u1eefng ng\u01b0\u1eddi ho\u1eb7c t\u1ed5 ch\u1ee9c c\u00f3 th\u1ec3 ti\u1ebfp c\u1eadn th\u00f4ng tin c\u00e1 nh\u00e2n.<\/strong><\/h2>\n<ul>\n<li>Ban qu\u1ea3n tr\u1ecb website.<\/li>\n<li>Kh\u00e1ch h\u00e0ng s\u1edf h\u1eefu th\u00f4ng tin c\u00e1 nh\u00e2n \u0111\u00f3.<\/li>\n<li>C\u00e1c c\u01a1 quan Ph\u00e1p lu\u1eadt Vi\u1ec7t Nam c\u00f3 th\u1ea9m quy\u1ec1n.<\/li>\n<li>C\u00e1c \u0111\u1ed1i t\u00e1c ho\u1ea1t \u0111\u1ed9ng li\u00ean quan \u0111\u1ebfn giao d\u1ecbch c\u1ee7a b\u1ea1n, ch\u1eb3ng h\u1ea1n nh\u01b0 \u0111\u01a1n v\u1ecb v\u1eadn chuy\u1ec3n.<\/li>\n<\/ul>\n<h2><strong>5. \u0110\u1ecba ch\u1ec9 c\u1ee7a \u0111\u01a1n v\u1ecb thu th\u1eadp v\u00e0 qu\u1ea3n l\u00ed th\u00f4ng tin c\u00e1 nh\u00e2n.<\/strong><\/h2>\n<p>H\u1ed9 kinh doanh Ng\u1ecdc Minh An<\/p>\n<p>\u0110\u1ecba ch\u1ec9: s\u1ed1 3, Ng\u00f5 2, Linh Lang, Ba \u0110\u00ecnh, H\u00e0 N\u1ed9i<\/p>\n<p>Hotline: <a href=\"http:\/\/0859809999\">0859809999<\/a><\/p>\n<p>Email: <a href=\"mailto:vindesgroup@gmail.com\">vindesgroup@gmail.com<\/a><\/p>\n<h2><strong>6. Ph\u01b0\u01a1ng ti\u1ec7n v\u00e0 c\u00f4ng c\u1ee5 \u0111\u1ec3 ng\u01b0\u1eddi d\u00f9ng ti\u1ebfp c\u1eadn v\u00e0 ch\u1ec9nh s\u1eeda d\u1eef li\u1ec7u c\u00e1 nh\u00e2n c\u1ee7a m\u00ecnh.<\/strong><\/h2>\n<ul>\n<li>kh\u00e1ch h\u00e0ng c\u00f3 quy\u1ec1n t\u1ef1 ki\u1ec3m tra, c\u1eadp nh\u1eadt, \u0111i\u1ec1u ch\u1ec9nh ho\u1eb7c h\u1ee7y b\u1ecf th\u00f4ng tin c\u00e1 nh\u00e2n c\u1ee7a m\u00ecnh b\u1eb1ng c\u00e1ch li\u00ean h\u1ec7 v\u1edbi ban qu\u1ea3n tr\u1ecb website th\u1ef1c hi\u1ec7n vi\u1ec7c n\u00e0y.<\/li>\n<li>kh\u00e1ch h\u00e0ng c\u00f3 quy\u1ec1n g\u1eedi khi\u1ebfu n\u1ea1i v\u1ec1 n\u1ed9i dung b\u1ea3o m\u1eadt th\u00f4ng tin \u0111\u1ec1 ngh\u1ecb li\u00ean h\u1ec7 ban qu\u1ea3n tr\u1ecb c\u1ee7a website. Khi ti\u1ebfp nh\u1eadn nh\u1eefng ph\u1ea3n h\u1ed3i n\u00e0y, ch\u00fang t\u00f4i s\u1ebd x\u00e1c nh\u1eadn l\u1ea1i th\u00f4ng tin, tr\u01b0\u1eddng h\u1ee3p \u0111\u00fang nh\u01b0 ph\u1ea3n \u00e1nh c\u1ee7a kh\u00e1ch h\u00e0ng t\u00f9y theo m\u1ee9c \u0111\u1ed9, ch\u00fang t\u00f4i s\u1ebd c\u00f3 nh\u1eefng bi\u1ec7n ph\u00e1p x\u1eed l\u00fd k\u1ecbp th\u1eddi.<\/li>\n<\/ul>\n<p><strong>7. C\u01a1 ch\u1ebf ti\u1ebfp nh\u1eadn v\u00e0 gi\u1ea3i quy\u1ebft khi\u1ebfu n\u1ea1i c\u1ee7a ng\u01b0\u1eddi ti\u00eau d\u00f9ng.<\/strong><\/p>\n<p>Khi ph\u00e1t hi\u1ec7n th\u00f4ng tin c\u00e1 nh\u00e2n c\u1ee7a m\u00ecnh b\u1ecb s\u1eed d\u1ee5ng sai m\u1ee5c \u0111\u00edch ho\u1eb7c ph\u1ea1m vi, kh\u00e1ch h\u00e0ng g\u1ecdi \u0111i\u1ec7n tho\u1ea1i t\u1edbi s\u1ed1 <a href=\"http:\/\/0859809999\">0859809999<\/a> ho\u1eb7c <a href=\"mailto:vindesgroup@gmail.com\">vindesgroup@gmail.com<\/a> \u0111\u1ec3 khi\u1ebfu n\u1ea1i v\u00e0 cung c\u1ea5p ch\u1ee9ng c\u1ee9 li\u00ean quan \u0111\u1ebfn v\u1ee5 vi\u1ec7c cho ban qu\u1ea3n tr\u1ecb.<\/p>\n<p>Ban qu\u1ea3n tr\u1ecb cam k\u1ebft s\u1ebd ph\u1ea3n h\u1ed3i ngay l\u1eadp t\u1ee9c ho\u1eb7c mu\u1ed9n nh\u1ea5t l\u00e0 trong v\u00f2ng 24 gi\u1edd l\u00e0m vi\u1ec7c k\u1ec3 t\u1eeb th\u1eddi \u0111i\u1ec3m nh\u1eadn \u0111\u01b0\u1ee3c khi\u1ebfu n\u1ea1i.<\/p>\n<\/div>\n<\/div>\n<\/div>\n<\/div>\n<\/div>\n<\/section>\n<p>&nbsp;<\/p>\n<footer id=\"footer-wd\" class=\"mg-top-30\">\n<div class=\"container\">\n<div class=\"top-ft-wanda\">\n<div class=\"d-flex row\">\n<div class=\"col-md-3 col-sm-6 col-xs-12 infomation mg-bottom-15\">\n<div class=\"title-footer\"><\/div>\n<\/div>\n<\/div>\n<\/div>\n<\/div>\n<\/footer>\n","protected":false},"excerpt":{"rendered":"<p>1. M\u1ee5c \u0111\u00edch v\u00e0 ph\u1ea1m v\u1ecb thu th\u1eadp. Vi\u1ec7c thu th\u1eadp d\u1eef li\u1ec7u tr\u00ean website bao g\u1ed3m: h\u1ecd t\u00ean, email, \u0111i\u1ec7n tho\u1ea1i, \u0111\u1ecba ch\u1ec9 kh\u00e1ch h\u00e0ng. \u0110\u00e2y l\u00e0 c\u00e1c th\u00f4ng tin m\u00e0 ch\u00fang t\u00f4i \u00a0c\u1ea7n kh\u00e1ch h\u00e0ng cung c\u1ea5p b\u1eaft bu\u1ed9c khi g\u1eedi th\u00f4ng tin nh\u1edd t\u01b0 v\u1ea5n hay mu\u1ed1n mua s\u1ea3n ph\u1ea9m v\u00e0 \u0111\u1ec3 [&#8230;]\n","protected":false},"author":1,"featured_media":0,"parent":0,"menu_order":0,"comment_status":"closed","ping_status":"closed","template":"","meta":{"footnotes":""},"class_list":["post-121","page","type-page","status-publish","hentry"],"jetpack_sharing_enabled":true,"_links":{"self":[{"href":"https:\/\/ngocangem.com\/index.php\/wp-json\/wp\/v2\/pages\/121","targetHints":{"allow":["GET"]}}],"collection":[{"href":"https:\/\/ngocangem.com\/index.php\/wp-json\/wp\/v2\/pages"}],"about":[{"href":"https:\/\/ngocangem.com\/index.php\/wp-json\/wp\/v2\/types\/page"}],"author":[{"embeddable":true,"href":"https:\/\/ngocangem.com\/index.php\/wp-json\/wp\/v2\/users\/1"}],"replies":[{"embeddable":true,"href":"https:\/\/ngocangem.com\/index.php\/wp-json\/wp\/v2\/comments?post=121"}],"version-history":[{"count":1,"href":"https:\/\/ngocangem.com\/index.php\/wp-json\/wp\/v2\/pages\/121\/revisions"}],"predecessor-version":[{"id":122,"href":"https:\/\/ngocangem.com\/index.php\/wp-json\/wp\/v2\/pages\/121\/revisions\/122"}],"wp:attachment":[{"href":"https:\/\/ngocangem.com\/index.php\/wp-json\/wp\/v2\/media?parent=121"}],"curies":[{"name":"wp","href":"https:\/\/api.w.org\/{rel}","templated":true}]}}