{"id":128,"date":"2025-08-07T08:08:19","date_gmt":"2025-08-07T08:08:19","guid":{"rendered":"https:\/\/ngocangem.com\/?page_id=128"},"modified":"2025-08-07T08:08:19","modified_gmt":"2025-08-07T08:08:19","slug":"chinh-sach-thanh-toan","status":"publish","type":"page","link":"https:\/\/ngocangem.com\/index.php\/chinh-sach-thanh-toan\/","title":{"rendered":"Ch\u00ednh s\u00e1ch thanh to\u00e1n"},"content":{"rendered":"<div class=\"heading-page clearfix\">\n<h1 class=\"font-title\">Ch\u00ednh s\u00e1ch thanh to\u00e1n<\/h1>\n<\/div>\n<div class=\"page-content content-entry add-height-img content_style_list\">\n<p><strong>1. Thanh to\u00e1n ti\u1ec1n m\u1eb7t.<\/strong><\/p>\n<ul>\n<li><strong>Thanh to\u00e1n ti\u1ec1n m\u1eb7t<\/strong><strong>\u00a0<\/strong><strong>t\u1ea1i nh\u00e0 khi nh\u1eadn h\u00e0ng th\u00f4ng qua h\u00ecnh th\u1ee9c giao h\u00e0ng tr\u1ef1c ti\u1ebfp<\/strong><\/li>\n<\/ul>\n<p>Khi nh\u00e2n vi\u00ean giao h\u00e0ng, kh\u00e1ch h\u00e0ng ki\u1ec3m tra s\u1ea3n ph\u1ea9m, h\u00e0ng nh\u1eadn h\u00e0ng v\u00e0 thanh to\u00e1n tr\u1ef1c ti\u1ebfp cho nh\u00e2n vi\u00ean giao h\u00e0ng theo gi\u00e1 tr\u1ecb ti\u1ec1n tr\u00ean h\u00f3a \u0111\u01a1n. Ngo\u00e0i ra kh\u00e1ch h\u00e0ng kh\u00f4ng ph\u1ea3i thanh to\u00e1n b\u1ea5t k\u1ef3 1 chi ph\u00ed n\u00e0o kh\u00e1c.<\/p>\n<ul>\n<li><strong>\u00a0<\/strong><strong>Thanh to\u00e1n ti\u1ec1n m\u1eb7t t\u1ea1i c\u1eeda h\u00e0ng<\/strong><\/li>\n<\/ul>\n<p>Kh\u00e1ch h\u00e0ng \u0111\u1ebfn c\u1eeda h\u00e0ng tham quan, mua s\u1ea3n ph\u1ea9m s\u1ebd thanh to\u00e1n tr\u1ef1c ti\u1ebfp b\u1eb1ng ti\u1ec1n m\u1eb7t ho\u1eb7c chuy\u1ec3n kho\u1ea3n tr\u1ef1c ti\u1ebfp t\u1ea1i c\u1eeda h\u00e0ng.<\/p>\n<p>N\u1ebfu trong qu\u00e1 tr\u00ecnh thanh to\u00e1n, b\u1ea1n g\u1eb7p tr\u1edf ng\u1ea1i ho\u1eb7c c\u1ea7n h\u1ed7 tr\u1ee3 th\u00ec c\u1ee9 li\u00ean h\u1ec7\u00a0<strong>hotline<\/strong>\u00a0\u0111\u1ec3 \u0111\u01b0\u1ee3c h\u1ed7 tr\u1ee3 nh\u00e9.<\/p>\n<p><strong>2. Thanh to\u00e1n chuy\u1ec3n kho\u1ea3n ng\u00e2n h\u00e0ng:<\/strong><\/p>\n<p><strong>Th\u00f4ng tin s\u1ed1 t\u00e0i kho\u1ea3n.<\/strong><\/p>\n<p><strong>S\u1ed1 TK:<br \/>\nNg\u00e2n h\u00e0ng:<br \/>\nT\u00ean ch\u1ee7 t\u00e0i kho\u1ea3n:\u00a0<\/strong><\/p>\n<p>N\u1ed9i dung:\u00a0T\u00ean kh\u00e1ch h\u00e0ng + S\u1ed1 \u0111i\u1ec7n tho\u1ea1i<\/p>\n<p><strong>3. Thanh to\u00e1n online qua \u1ee9ng d\u1ee5ng zalo: Li\u00ean k\u1ebft \u0111\u1ebfn c\u1ed5ng thanh to\u00e1n<\/strong><\/p>\n<\/div>\n","protected":false},"excerpt":{"rendered":"<p>Ch\u00ednh s\u00e1ch thanh to\u00e1n 1. Thanh to\u00e1n ti\u1ec1n m\u1eb7t. Thanh to\u00e1n ti\u1ec1n m\u1eb7t\u00a0t\u1ea1i nh\u00e0 khi nh\u1eadn h\u00e0ng th\u00f4ng qua h\u00ecnh th\u1ee9c giao h\u00e0ng tr\u1ef1c ti\u1ebfp Khi nh\u00e2n vi\u00ean giao h\u00e0ng, kh\u00e1ch h\u00e0ng ki\u1ec3m tra s\u1ea3n ph\u1ea9m, h\u00e0ng nh\u1eadn h\u00e0ng v\u00e0 thanh to\u00e1n tr\u1ef1c ti\u1ebfp cho nh\u00e2n vi\u00ean giao h\u00e0ng theo gi\u00e1 tr\u1ecb ti\u1ec1n tr\u00ean h\u00f3a [&#8230;]\n","protected":false},"author":1,"featured_media":0,"parent":0,"menu_order":0,"comment_status":"closed","ping_status":"closed","template":"","meta":{"footnotes":""},"class_list":["post-128","page","type-page","status-publish","hentry"],"jetpack_sharing_enabled":true,"_links":{"self":[{"href":"https:\/\/ngocangem.com\/index.php\/wp-json\/wp\/v2\/pages\/128","targetHints":{"allow":["GET"]}}],"collection":[{"href":"https:\/\/ngocangem.com\/index.php\/wp-json\/wp\/v2\/pages"}],"about":[{"href":"https:\/\/ngocangem.com\/index.php\/wp-json\/wp\/v2\/types\/page"}],"author":[{"embeddable":true,"href":"https:\/\/ngocangem.com\/index.php\/wp-json\/wp\/v2\/users\/1"}],"replies":[{"embeddable":true,"href":"https:\/\/ngocangem.com\/index.php\/wp-json\/wp\/v2\/comments?post=128"}],"version-history":[{"count":1,"href":"https:\/\/ngocangem.com\/index.php\/wp-json\/wp\/v2\/pages\/128\/revisions"}],"predecessor-version":[{"id":129,"href":"https:\/\/ngocangem.com\/index.php\/wp-json\/wp\/v2\/pages\/128\/revisions\/129"}],"wp:attachment":[{"href":"https:\/\/ngocangem.com\/index.php\/wp-json\/wp\/v2\/media?parent=128"}],"curies":[{"name":"wp","href":"https:\/\/api.w.org\/{rel}","templated":true}]}}