{"id":311,"date":"2025-09-16T08:33:02","date_gmt":"2025-09-16T08:33:02","guid":{"rendered":"https:\/\/ngocangem.com\/?post_type=product&#038;p=311"},"modified":"2025-10-04T02:04:55","modified_gmt":"2025-10-04T02:04:55","slug":"vong-lam-ngoc-don-size-6-li-charm-dong-dieu-treo-day-hat","status":"publish","type":"product","link":"https:\/\/ngocangem.com\/index.php\/san-pham\/vong-lam-ngoc-don-size-6-li-charm-dong-dieu-treo-day-hat\/","title":{"rendered":"V\u00f2ng lam ng\u1ecdc \u0111\u01a1n size 6 li, charm \u0111\u1ed3ng \u0111i\u1ebfu treo d\u00e2y h\u1ea1t"},"content":{"rendered":"<p data-start=\"154\" data-end=\"224\"><strong data-start=\"154\" data-end=\"222\">V\u00f2ng Lam Ng\u1ecdc \u0110\u01a1n 6 Ly \u2013 Charm \u0110\u1ed3ng \u0110i\u1ebfu Treo D\u00e2y H\u1ea1t Phong Th\u1ee7y<\/strong><\/p>\n<hr data-start=\"226\" data-end=\"229\" \/>\n<h2 data-start=\"231\" data-end=\"252\">\u2728 M\u00f4 t\u1ea3 s\u1ea3n ph\u1ea9m<\/h2>\n<p data-start=\"253\" data-end=\"428\">\ud83d\udc8e <strong data-start=\"256\" data-end=\"278\">V\u00f2ng Lam Ng\u1ecdc 6 ly<\/strong> thanh l\u1ecbch, \u0111i\u1ec3m nh\u1ea5n v\u1edbi <strong data-start=\"305\" data-end=\"337\">charm \u0111\u1ed3ng \u0111i\u1ebfu treo d\u00e2y h\u1ea1t<\/strong> \u0111\u1ed9c \u0111\u00e1o.<br data-start=\"346\" data-end=\"349\" \/>\u0110\u1ed3ng \u0111i\u1ebfu t\u01b0\u1ee3ng tr\u01b0ng cho s\u1ef1 b\u00ecnh an, h\u00f2a h\u1ee3p v\u00e0 gi\u1eef g\u00ecn n\u0103ng l\u01b0\u1ee3ng t\u1ed1t l\u00e0nh.<\/p>\n<hr data-start=\"430\" data-end=\"433\" \/>\n<h2 data-start=\"435\" data-end=\"461\">\ud83d\udcd6 Th\u00f4ng tin chi ti\u1ebft<\/h2>\n<ul data-start=\"462\" data-end=\"604\">\n<li data-start=\"462\" data-end=\"529\">\n<p data-start=\"464\" data-end=\"529\"><strong data-start=\"464\" data-end=\"478\">Ch\u1ea5t li\u1ec7u:<\/strong> Lam Ng\u1ecdc t\u1ef1 nhi\u00ean + charm \u0111\u1ed3ng \u0111i\u1ebfu treo d\u00e2y h\u1ea1t<\/p>\n<\/li>\n<li data-start=\"530\" data-end=\"551\">\n<p data-start=\"532\" data-end=\"551\"><strong data-start=\"532\" data-end=\"545\">Size h\u1ea1t:<\/strong> 6mm<\/p>\n<\/li>\n<li data-start=\"552\" data-end=\"604\">\n<p data-start=\"554\" data-end=\"604\"><strong data-start=\"554\" data-end=\"566\">\u00dd ngh\u0129a:<\/strong> C\u00e2n b\u1eb1ng n\u0103ng l\u01b0\u1ee3ng, b\u1ea3o h\u1ed9 b\u00ecnh an<\/p>\n<\/li>\n<\/ul>\n<hr data-start=\"606\" data-end=\"609\" \/>\n<h2 data-start=\"611\" data-end=\"631\">\ud83c\udf1f \u0110i\u1ec3m n\u1ed5i b\u1eadt<\/h2>\n<p data-start=\"632\" data-end=\"783\">\u2714 \u0110\u00e1 th\u1eadt 100% \u2013 m\u00e0u xanh t\u1ef1 nhi\u00ean, h\u00e0i h\u00f2a<br data-start=\"675\" data-end=\"678\" \/>\u2714 Thi\u1ebft k\u1ebf \u0111\u1ed3ng \u0111i\u1ebfu treo d\u00e2y t\u1ea1o \u0111i\u1ec3m nh\u1ea5n tinh t\u1ebf<br data-start=\"729\" data-end=\"732\" \/>\u2714 Ph\u00f9 h\u1ee3p \u0111eo h\u1eb1ng ng\u00e0y ho\u1eb7c l\u00e0m qu\u00e0 t\u1eb7ng \u00fd ngh\u0129a<\/p>\n","protected":false},"excerpt":{"rendered":"<p>V\u00f2ng Lam Ng\u1ecdc \u0110\u01a1n 6 Ly \u2013 Charm \u0110\u1ed3ng \u0110i\u1ebfu Treo D\u00e2y H\u1ea1t Phong Th\u1ee7y \u2728 M\u00f4 t\u1ea3 s\u1ea3n ph\u1ea9m \ud83d\udc8e V\u00f2ng Lam Ng\u1ecdc 6 ly thanh l\u1ecbch, \u0111i\u1ec3m nh\u1ea5n v\u1edbi charm \u0111\u1ed3ng \u0111i\u1ebfu treo d\u00e2y h\u1ea1t \u0111\u1ed9c \u0111\u00e1o.\u0110\u1ed3ng \u0111i\u1ebfu t\u01b0\u1ee3ng tr\u01b0ng cho s\u1ef1 b\u00ecnh an, h\u00f2a h\u1ee3p v\u00e0 gi\u1eef g\u00ecn n\u0103ng l\u01b0\u1ee3ng t\u1ed1t l\u00e0nh. [&#8230;]\n","protected":false},"featured_media":221,"comment_status":"open","ping_status":"closed","template":"","meta":[],"product_brand":[],"product_cat":[15,26],"product_tag":[],"class_list":{"0":"post-311","1":"product","2":"type-product","3":"status-publish","4":"has-post-thumbnail","6":"product_cat-tat-ca-san-pham","7":"product_cat-bst-lumiere","9":"first","10":"instock","11":"shipping-taxable","12":"product-type-simple"},"jetpack_sharing_enabled":true,"_links":{"self":[{"href":"https:\/\/ngocangem.com\/index.php\/wp-json\/wp\/v2\/product\/311","targetHints":{"allow":["GET"]}}],"collection":[{"href":"https:\/\/ngocangem.com\/index.php\/wp-json\/wp\/v2\/product"}],"about":[{"href":"https:\/\/ngocangem.com\/index.php\/wp-json\/wp\/v2\/types\/product"}],"replies":[{"embeddable":true,"href":"https:\/\/ngocangem.com\/index.php\/wp-json\/wp\/v2\/comments?post=311"}],"wp:featuredmedia":[{"embeddable":true,"href":"https:\/\/ngocangem.com\/index.php\/wp-json\/wp\/v2\/media\/221"}],"wp:attachment":[{"href":"https:\/\/ngocangem.com\/index.php\/wp-json\/wp\/v2\/media?parent=311"}],"wp:term":[{"taxonomy":"product_brand","embeddable":true,"href":"https:\/\/ngocangem.com\/index.php\/wp-json\/wp\/v2\/product_brand?post=311"},{"taxonomy":"product_cat","embeddable":true,"href":"https:\/\/ngocangem.com\/index.php\/wp-json\/wp\/v2\/product_cat?post=311"},{"taxonomy":"product_tag","embeddable":true,"href":"https:\/\/ngocangem.com\/index.php\/wp-json\/wp\/v2\/product_tag?post=311"}],"curies":[{"name":"wp","href":"https:\/\/api.w.org\/{rel}","templated":true}]}}