{"id":315,"date":"2025-09-16T09:45:41","date_gmt":"2025-09-16T09:45:41","guid":{"rendered":"https:\/\/ngocangem.com\/?post_type=product&#038;p=315"},"modified":"2025-10-04T02:01:23","modified_gmt":"2025-10-04T02:01:23","slug":"vong-lam-ngoc-don-size-6-li-mat-khanh-mix-charm-bac-s925","status":"publish","type":"product","link":"https:\/\/ngocangem.com\/index.php\/san-pham\/vong-lam-ngoc-don-size-6-li-mat-khanh-mix-charm-bac-s925\/","title":{"rendered":"V\u00f2ng lam ng\u1ecdc \u0111\u01a1n size 6 li, m\u1eb7t kh\u00e1nh mix charm b\u1ea1c S925"},"content":{"rendered":"<p data-start=\"113\" data-end=\"177\"><strong data-start=\"113\" data-end=\"175\">V\u00f2ng Lam Ng\u1ecdc \u0110\u01a1n Size 6 Ly \u2013 M\u1eb7t Kh\u00e1nh Mix Charm B\u1ea1c S925<\/strong><\/p>\n<hr data-start=\"179\" data-end=\"182\" \/>\n<h2 data-start=\"184\" data-end=\"205\">\u2728 M\u00f4 t\u1ea3 s\u1ea3n ph\u1ea9m<\/h2>\n<p data-start=\"206\" data-end=\"402\">\ud83d\udc8e <strong data-start=\"209\" data-end=\"231\">V\u00f2ng Lam Ng\u1ecdc 6 ly<\/strong> nh\u1ecf nh\u1eafn, thanh l\u1ecbch, t\u00f4n l\u00ean s\u1ef1 tinh t\u1ebf c\u1ee7a c\u1ed5 tay.<br data-start=\"284\" data-end=\"287\" \/>K\u1ebft h\u1ee3p <strong data-start=\"295\" data-end=\"308\">m\u1eb7t Kh\u00e1nh<\/strong> v\u00e0 <strong data-start=\"312\" data-end=\"330\">charm b\u1ea1c S925<\/strong> cao c\u1ea5p, mang \u00fd ngh\u0129a b\u00ecnh an, b\u1ea3o h\u1ed9 v\u00e0 thu h\u00fat n\u0103ng l\u01b0\u1ee3ng t\u00edch c\u1ef1c.<\/p>\n<hr data-start=\"404\" data-end=\"407\" \/>\n<h2 data-start=\"409\" data-end=\"435\">\ud83d\udcd6 Th\u00f4ng tin chi ti\u1ebft<\/h2>\n<ul data-start=\"436\" data-end=\"578\">\n<li data-start=\"436\" data-end=\"489\">\n<p data-start=\"438\" data-end=\"489\"><strong data-start=\"438\" data-end=\"452\">Ch\u1ea5t li\u1ec7u:<\/strong> Lam Ng\u1ecdc t\u1ef1 nhi\u00ean + charm b\u1ea1c S925<\/p>\n<\/li>\n<li data-start=\"490\" data-end=\"516\">\n<p data-start=\"492\" data-end=\"516\"><strong data-start=\"492\" data-end=\"510\">Size h\u1ea1t v\u00f2ng:<\/strong> 6mm<\/p>\n<\/li>\n<li data-start=\"517\" data-end=\"578\">\n<p data-start=\"519\" data-end=\"578\"><strong data-start=\"519\" data-end=\"531\">\u00dd ngh\u0129a:<\/strong> B\u1ea3o h\u1ed9 b\u00ecnh an, t\u0103ng s\u1ef1 t\u1ef1 tin, mang may m\u1eafn<\/p>\n<\/li>\n<\/ul>\n<hr data-start=\"580\" data-end=\"583\" \/>\n<h2 data-start=\"585\" data-end=\"605\">\ud83c\udf1f \u0110i\u1ec3m n\u1ed5i b\u1eadt<\/h2>\n<p data-start=\"606\" data-end=\"739\">\u2714 \u0110\u00e1 th\u1eadt 100% \u2013 m\u00e0u xanh ng\u1ecdc t\u1ef1 nhi\u00ean<br data-start=\"645\" data-end=\"648\" \/>\u2714 Charm b\u1ea1c S925 s\u00e1ng b\u00f3ng, ch\u1ed1ng \u0111en<br data-start=\"685\" data-end=\"688\" \/>\u2714 Ph\u00f9 h\u1ee3p \u0111eo h\u1eb1ng ng\u00e0y ho\u1eb7c l\u00e0m qu\u00e0 t\u1eb7ng may m\u1eafn<\/p>\n","protected":false},"excerpt":{"rendered":"<p>V\u00f2ng Lam Ng\u1ecdc \u0110\u01a1n Size 6 Ly \u2013 M\u1eb7t Kh\u00e1nh Mix Charm B\u1ea1c S925 \u2728 M\u00f4 t\u1ea3 s\u1ea3n ph\u1ea9m \ud83d\udc8e V\u00f2ng Lam Ng\u1ecdc 6 ly nh\u1ecf nh\u1eafn, thanh l\u1ecbch, t\u00f4n l\u00ean s\u1ef1 tinh t\u1ebf c\u1ee7a c\u1ed5 tay.K\u1ebft h\u1ee3p m\u1eb7t Kh\u00e1nh v\u00e0 charm b\u1ea1c S925 cao c\u1ea5p, mang \u00fd ngh\u0129a b\u00ecnh an, b\u1ea3o h\u1ed9 v\u00e0 thu [&#8230;]\n","protected":false},"featured_media":220,"comment_status":"open","ping_status":"closed","template":"","meta":[],"product_brand":[],"product_cat":[26],"product_tag":[],"class_list":{"0":"post-315","1":"product","2":"type-product","3":"status-publish","4":"has-post-thumbnail","6":"product_cat-bst-lumiere","8":"first","9":"instock","10":"shipping-taxable","11":"product-type-simple"},"jetpack_sharing_enabled":true,"_links":{"self":[{"href":"https:\/\/ngocangem.com\/index.php\/wp-json\/wp\/v2\/product\/315","targetHints":{"allow":["GET"]}}],"collection":[{"href":"https:\/\/ngocangem.com\/index.php\/wp-json\/wp\/v2\/product"}],"about":[{"href":"https:\/\/ngocangem.com\/index.php\/wp-json\/wp\/v2\/types\/product"}],"replies":[{"embeddable":true,"href":"https:\/\/ngocangem.com\/index.php\/wp-json\/wp\/v2\/comments?post=315"}],"wp:featuredmedia":[{"embeddable":true,"href":"https:\/\/ngocangem.com\/index.php\/wp-json\/wp\/v2\/media\/220"}],"wp:attachment":[{"href":"https:\/\/ngocangem.com\/index.php\/wp-json\/wp\/v2\/media?parent=315"}],"wp:term":[{"taxonomy":"product_brand","embeddable":true,"href":"https:\/\/ngocangem.com\/index.php\/wp-json\/wp\/v2\/product_brand?post=315"},{"taxonomy":"product_cat","embeddable":true,"href":"https:\/\/ngocangem.com\/index.php\/wp-json\/wp\/v2\/product_cat?post=315"},{"taxonomy":"product_tag","embeddable":true,"href":"https:\/\/ngocangem.com\/index.php\/wp-json\/wp\/v2\/product_tag?post=315"}],"curies":[{"name":"wp","href":"https:\/\/api.w.org\/{rel}","templated":true}]}}